{"id":148,"date":"2020-04-30T14:57:44","date_gmt":"2020-04-30T14:57:44","guid":{"rendered":"https:\/\/themes.muffingroup.com\/be\/consultant_el\/?page_id=148"},"modified":"2021-09-23T08:42:06","modified_gmt":"2021-09-23T08:42:06","slug":"ar-ge-fistik-tekstil","status":"publish","type":"page","link":"https:\/\/www.fistiktekstil.com\/tr\/ar-ge-fistik-tekstil\/","title":{"rendered":"AR-GE"},"content":{"rendered":"\t\t<div data-elementor-type=\"wp-page\" data-elementor-id=\"148\" class=\"elementor elementor-148\">\n\t\t\t\t\t\t\t\t\t<section class=\"elementor-section elementor-top-section elementor-element elementor-element-d8551b1 elementor-section-stretched elementor-section-full_width elementor-section-height-default elementor-section-height-default\" data-id=\"d8551b1\" data-element_type=\"section\" data-settings=\"{&quot;stretch_section&quot;:&quot;section-stretched&quot;,&quot;background_background&quot;:&quot;classic&quot;}\">\n\t\t\t\t\t\t<div class=\"elementor-container elementor-column-gap-wider\">\n\t\t\t\t\t<div class=\"elementor-column elementor-col-50 elementor-top-column elementor-element elementor-element-161d3cd\" data-id=\"161d3cd\" data-element_type=\"column\">\n\t\t\t<div class=\"elementor-widget-wrap elementor-element-populated\">\n\t\t\t\t\t\t\t\t<section class=\"elementor-section elementor-inner-section elementor-element elementor-element-c8e7cd6 elementor-section-boxed elementor-section-height-default elementor-section-height-default\" data-id=\"c8e7cd6\" data-element_type=\"section\">\n\t\t\t\t\t\t<div class=\"elementor-container elementor-column-gap-default\">\n\t\t\t\t\t<div class=\"elementor-column elementor-col-100 elementor-inner-column elementor-element elementor-element-e57a1c0\" data-id=\"e57a1c0\" data-element_type=\"column\">\n\t\t\t<div class=\"elementor-widget-wrap elementor-element-populated\">\n\t\t\t\t\t\t\t\t<div class=\"elementor-element elementor-element-cc9dcff elementor-widget elementor-widget-heading\" data-id=\"cc9dcff\" data-element_type=\"widget\" data-widget_type=\"heading.default\">\n\t\t\t\t<div class=\"elementor-widget-container\">\n\t\t\t<style>\/*! elementor - v3.7.8 - 02-10-2022 *\/\n.elementor-heading-title{padding:0;margin:0;line-height:1}.elementor-widget-heading .elementor-heading-title[class*=elementor-size-]>a{color:inherit;font-size:inherit;line-height:inherit}.elementor-widget-heading .elementor-heading-title.elementor-size-small{font-size:15px}.elementor-widget-heading .elementor-heading-title.elementor-size-medium{font-size:19px}.elementor-widget-heading .elementor-heading-title.elementor-size-large{font-size:29px}.elementor-widget-heading .elementor-heading-title.elementor-size-xl{font-size:39px}.elementor-widget-heading .elementor-heading-title.elementor-size-xxl{font-size:59px}<\/style><h6 class=\"elementor-heading-title elementor-size-default\">AR-GE<\/h6>\t\t<\/div>\n\t\t\t\t<\/div>\n\t\t\t\t<div class=\"elementor-element elementor-element-e30e946 elementor-widget elementor-widget-text-editor\" data-id=\"e30e946\" data-element_type=\"widget\" data-widget_type=\"text-editor.default\">\n\t\t\t\t<div class=\"elementor-widget-container\">\n\t\t\t<style>\/*! elementor - v3.7.8 - 02-10-2022 *\/\n.elementor-widget-text-editor.elementor-drop-cap-view-stacked .elementor-drop-cap{background-color:#818a91;color:#fff}.elementor-widget-text-editor.elementor-drop-cap-view-framed .elementor-drop-cap{color:#818a91;border:3px solid;background-color:transparent}.elementor-widget-text-editor:not(.elementor-drop-cap-view-default) .elementor-drop-cap{margin-top:8px}.elementor-widget-text-editor:not(.elementor-drop-cap-view-default) .elementor-drop-cap-letter{width:1em;height:1em}.elementor-widget-text-editor .elementor-drop-cap{float:left;text-align:center;line-height:1;font-size:50px}.elementor-widget-text-editor .elementor-drop-cap-letter{display:inline-block}<\/style>\t\t\t\t<h1><span style=\"color: #5aac4e;\">Yenilik\u00e7i ve Bilimsel<\/span>\t\t\t\t\t\t<\/div>\n\t\t\t\t<\/div>\n\t\t\t\t\t<\/div>\n\t\t<\/div>\n\t\t\t\t\t\t\t<\/div>\n\t\t<\/section>\n\t\t\t\t<section class=\"elementor-section elementor-inner-section elementor-element elementor-element-13a7762 elementor-section-boxed elementor-section-height-default elementor-section-height-default\" data-id=\"13a7762\" data-element_type=\"section\">\n\t\t\t\t\t\t<div class=\"elementor-container elementor-column-gap-default\">\n\t\t\t\t\t<div class=\"elementor-column elementor-col-100 elementor-inner-column elementor-element elementor-element-63004e9\" data-id=\"63004e9\" data-element_type=\"column\">\n\t\t\t<div class=\"elementor-widget-wrap\">\n\t\t\t\t\t\t\t\t\t<\/div>\n\t\t<\/div>\n\t\t\t\t\t\t\t<\/div>\n\t\t<\/section>\n\t\t\t\t\t<\/div>\n\t\t<\/div>\n\t\t\t\t<div class=\"elementor-column elementor-col-50 elementor-top-column elementor-element elementor-element-420e583\" data-id=\"420e583\" data-element_type=\"column\" data-settings=\"{&quot;background_background&quot;:&quot;classic&quot;}\">\n\t\t\t<div class=\"elementor-widget-wrap elementor-element-populated\">\n\t\t\t\t\t\t\t\t<section class=\"elementor-section elementor-inner-section elementor-element elementor-element-26e9a80 elementor-section-boxed elementor-section-height-default elementor-section-height-default\" data-id=\"26e9a80\" data-element_type=\"section\">\n\t\t\t\t\t\t<div class=\"elementor-container elementor-column-gap-default\">\n\t\t\t\t\t<div class=\"elementor-column elementor-col-100 elementor-inner-column elementor-element elementor-element-1da4fb5\" data-id=\"1da4fb5\" data-element_type=\"column\">\n\t\t\t<div class=\"elementor-widget-wrap elementor-element-populated\">\n\t\t\t\t\t\t\t\t<div class=\"elementor-element elementor-element-f77a55e elementor-widget elementor-widget-spacer\" data-id=\"f77a55e\" data-element_type=\"widget\" data-widget_type=\"spacer.default\">\n\t\t\t\t<div class=\"elementor-widget-container\">\n\t\t\t<style>\/*! elementor - v3.7.8 - 02-10-2022 *\/\n.elementor-column .elementor-spacer-inner{height:var(--spacer-size)}.e-container{--container-widget-width:100%}.e-container>.elementor-widget-spacer{width:var(--container-widget-width,var(--spacer-size));-ms-flex-item-align:stretch;align-self:stretch;-ms-flex-negative:0;flex-shrink:0}.e-container>.elementor-widget-spacer>.elementor-widget-container,.e-container>.elementor-widget-spacer>.elementor-widget-container>.elementor-spacer{height:100%}.e-container>.elementor-widget-spacer>.elementor-widget-container>.elementor-spacer>.elementor-spacer-inner{height:var(--container-widget-height,var(--spacer-size))}<\/style>\t\t<div class=\"elementor-spacer\">\n\t\t\t<div class=\"elementor-spacer-inner\"><\/div>\n\t\t<\/div>\n\t\t\t\t<\/div>\n\t\t\t\t<\/div>\n\t\t\t\t\t<\/div>\n\t\t<\/div>\n\t\t\t\t\t\t\t<\/div>\n\t\t<\/section>\n\t\t\t\t\t<\/div>\n\t\t<\/div>\n\t\t\t\t\t\t\t<\/div>\n\t\t<\/section>\n\t\t\t\t<section class=\"elementor-section elementor-top-section elementor-element elementor-element-74a7e8a elementor-section-stretched elementor-section-boxed elementor-section-height-default elementor-section-height-default\" data-id=\"74a7e8a\" data-element_type=\"section\" data-settings=\"{&quot;stretch_section&quot;:&quot;section-stretched&quot;,&quot;background_background&quot;:&quot;classic&quot;}\">\n\t\t\t\t\t\t<div class=\"elementor-container elementor-column-gap-wider\">\n\t\t\t\t\t<div class=\"elementor-column elementor-col-100 elementor-top-column elementor-element elementor-element-75417ac\" data-id=\"75417ac\" data-element_type=\"column\">\n\t\t\t<div class=\"elementor-widget-wrap elementor-element-populated\">\n\t\t\t\t\t\t\t\t<section class=\"elementor-section elementor-inner-section elementor-element elementor-element-f2336b7 elementor-section-boxed elementor-section-height-default elementor-section-height-default\" data-id=\"f2336b7\" data-element_type=\"section\">\n\t\t\t\t\t\t<div class=\"elementor-container elementor-column-gap-default\">\n\t\t\t\t\t<div class=\"elementor-column elementor-col-100 elementor-inner-column elementor-element elementor-element-0cf0577\" data-id=\"0cf0577\" data-element_type=\"column\">\n\t\t\t<div class=\"elementor-widget-wrap elementor-element-populated\">\n\t\t\t\t\t\t\t\t<section class=\"elementor-section elementor-inner-section elementor-element elementor-element-ea66f3b elementor-section-boxed elementor-section-height-default elementor-section-height-default\" data-id=\"ea66f3b\" data-element_type=\"section\">\n\t\t\t\t\t\t<div class=\"elementor-container elementor-column-gap-default\">\n\t\t\t\t\t<div class=\"elementor-column elementor-col-100 elementor-inner-column elementor-element elementor-element-44a10f5\" data-id=\"44a10f5\" data-element_type=\"column\">\n\t\t\t<div class=\"elementor-widget-wrap elementor-element-populated\">\n\t\t\t\t\t\t\t\t<div class=\"elementor-element elementor-element-951913a elementor-widget elementor-widget-text-editor\" data-id=\"951913a\" data-element_type=\"widget\" data-widget_type=\"text-editor.default\">\n\t\t\t\t<div class=\"elementor-widget-container\">\n\t\t\t\t\t\t\t<p>Yenilik\u00e7i ve bilimsel geli\u015fmeleri \u00e7al\u0131\u015fmas\u0131n\u0131n merkezine yerle\u015ftiren F\u0131st\u0131k Tekstil, yeni fikirlerin geli\u015fmesi ve de\u011ferlendirilmesi amac\u0131yla 2005 tarihinde Ar-Ge Laboratuvar\u0131n\u0131 kurdu. Ar-Ge \u00e7al\u0131\u015fmalar\u0131 ile hedef; hem yurt i\u00e7inde hem de yurt d\u0131\u015f\u0131nda verilen hizmeti inovatif yakla\u015f\u0131m ile geli\u015ftirmek.<\/p>\n<p>\u00c7eyrek as\u0131rd\u0131r kaliteden taviz vermeden \u00e7al\u0131\u015fmalar\u0131n\u0131 y\u00fcr\u00fcten F\u0131st\u0131k Tekstil olarak vizyonumuz; AR-GE projelerine a\u011f\u0131rl\u0131k vermek ve kuma\u015f konusunda gelen t\u00fcm ihtiya\u00e7lara uygun \u00e7\u00f6z\u00fcmler \u00fcretmektir.<\/p>\t\t\t\t\t\t<\/div>\n\t\t\t\t<\/div>\n\t\t\t\t\t<\/div>\n\t\t<\/div>\n\t\t\t\t\t\t\t<\/div>\n\t\t<\/section>\n\t\t\t\t\t<\/div>\n\t\t<\/div>\n\t\t\t\t\t\t\t<\/div>\n\t\t<\/section>\n\t\t\t\t<div class=\"elementor-element elementor-element-b9435e7 elementor-widget elementor-widget-menu-anchor\" data-id=\"b9435e7\" data-element_type=\"widget\" data-widget_type=\"menu-anchor.default\">\n\t\t\t\t<div class=\"elementor-widget-container\">\n\t\t\t<style>\/*! elementor - v3.7.8 - 02-10-2022 *\/\nbody.elementor-page .elementor-widget-menu-anchor{margin-bottom:0}<\/style>\t\t<div id=\"laboratuvar\" class=\"elementor-menu-anchor\"><\/div>\n\t\t\t\t<\/div>\n\t\t\t\t<\/div>\n\t\t\t\t<div class=\"elementor-element elementor-element-63ca7ca elementor-widget elementor-widget-spacer\" data-id=\"63ca7ca\" data-element_type=\"widget\" data-widget_type=\"spacer.default\">\n\t\t\t\t<div class=\"elementor-widget-container\">\n\t\t\t\t\t<div class=\"elementor-spacer\">\n\t\t\t<div class=\"elementor-spacer-inner\"><\/div>\n\t\t<\/div>\n\t\t\t\t<\/div>\n\t\t\t\t<\/div>\n\t\t\t\t<section class=\"elementor-section elementor-inner-section elementor-element elementor-element-c020f18 elementor-section-boxed elementor-section-height-default elementor-section-height-default\" data-id=\"c020f18\" data-element_type=\"section\">\n\t\t\t\t\t\t<div class=\"elementor-container elementor-column-gap-default\">\n\t\t\t\t\t<div class=\"elementor-column elementor-col-33 elementor-inner-column elementor-element elementor-element-3951d41\" data-id=\"3951d41\" data-element_type=\"column\">\n\t\t\t<div class=\"elementor-widget-wrap elementor-element-populated\">\n\t\t\t\t\t\t\t\t<div class=\"elementor-element elementor-element-78c5af9 elementor-widget elementor-widget-image\" data-id=\"78c5af9\" data-element_type=\"widget\" data-widget_type=\"image.default\">\n\t\t\t\t<div class=\"elementor-widget-container\">\n\t\t\t<style>\/*! elementor - v3.7.8 - 02-10-2022 *\/\n.elementor-widget-image{text-align:center}.elementor-widget-image a{display:inline-block}.elementor-widget-image a img[src$=\".svg\"]{width:48px}.elementor-widget-image img{vertical-align:middle;display:inline-block}<\/style>\t\t\t\t\t\t\t\t\t\t\t\t<img loading=\"lazy\" decoding=\"async\" width=\"780\" height=\"500\" src=\"https:\/\/www.fistiktekstil.com\/wp-content\/uploads\/2021\/09\/image22.jpg\" class=\"attachment-large size-large\" alt=\"\" srcset=\"https:\/\/www.fistiktekstil.com\/wp-content\/uploads\/2021\/09\/image22.jpg 780w, https:\/\/www.fistiktekstil.com\/wp-content\/uploads\/2021\/09\/image22-300x192.jpg 300w, https:\/\/www.fistiktekstil.com\/wp-content\/uploads\/2021\/09\/image22-768x492.jpg 768w, https:\/\/www.fistiktekstil.com\/wp-content\/uploads\/2021\/09\/image22-228x146.jpg 228w, https:\/\/www.fistiktekstil.com\/wp-content\/uploads\/2021\/09\/image22-50x32.jpg 50w, https:\/\/www.fistiktekstil.com\/wp-content\/uploads\/2021\/09\/image22-117x75.jpg 117w\" sizes=\"auto, (max-width: 780px) 100vw, 780px\" \/>\t\t\t\t\t\t\t\t\t\t\t\t\t\t\t<\/div>\n\t\t\t\t<\/div>\n\t\t\t\t\t<\/div>\n\t\t<\/div>\n\t\t\t\t<div class=\"elementor-column elementor-col-66 elementor-inner-column elementor-element elementor-element-f0ad4cb\" data-id=\"f0ad4cb\" data-element_type=\"column\">\n\t\t\t<div class=\"elementor-widget-wrap elementor-element-populated\">\n\t\t\t\t\t\t\t\t<div class=\"elementor-element elementor-element-3505355 elementor-widget elementor-widget-text-editor\" data-id=\"3505355\" data-element_type=\"widget\" data-widget_type=\"text-editor.default\">\n\t\t\t\t<div class=\"elementor-widget-container\">\n\t\t\t\t\t\t\t<h2><font color=\"#5aac4e\">Laboratuvar<\/font><br><\/h2>\n<p>Kimya ve fizik laboratuvarlar\u0131m\u0131z b\u00fcnyesinde renk \u00f6l\u00e7\u00fcm\u00fc, numune \u00e7al\u0131\u015fmalar\u0131, renk \u00e7al\u0131\u015fmalar\u0131, elyaf analizleri, boya ve kimyasal analizleri, fiziksel ve kimyasal testler yap\u0131lmaktad\u0131r.<\/p>\n<p>150 t\u00fcp\/g\u00fcn renk \u00e7al\u0131\u015fmalar\u0131, m\u00fc\u015fterimiz talepleri do\u011frultusunda, uzman coloristlerimiz taraf\u0131ndan renk \u00f6l\u00e7\u00fcm\u00fc sa\u011flayan spektrofotometre (datacolor) kullan\u0131larak daha pratik ve do\u011fru sonu\u00e7lar alabilecek \u015fekilde yap\u0131lmaktad\u0131r.<\/p>\n<p>Renk kontrol\u00fc (spektrofotometre ve g\u00f6z ile), Y\u0131kama Sonras\u0131 Boyut De\u011fi\u015fimi-\u00c7ekmezlik, Y\u0131kama Sonras\u0131 D\u00f6nme, Tu\u015fe, Renk Hasl\u0131\u011f\u0131, Su Hasl\u0131\u011f\u0131, Ter Hasl\u0131\u011f\u0131, S\u00fcrtme Hasl\u0131\u011f\u0131, Pilling Testi, Ph, Gramaj, En, Kopma Mukavemeti test ve kontrolleri laboratuvarlar\u0131m\u0131zda yap\u0131lan i\u015flemlere \u00f6rnektir.<\/p>\t\t\t\t\t\t<\/div>\n\t\t\t\t<\/div>\n\t\t\t\t\t<\/div>\n\t\t<\/div>\n\t\t\t\t\t\t\t<\/div>\n\t\t<\/section>\n\t\t\t\t<section class=\"elementor-section elementor-inner-section elementor-element elementor-element-e1512c7 elementor-section-boxed elementor-section-height-default elementor-section-height-default\" data-id=\"e1512c7\" data-element_type=\"section\">\n\t\t\t\t\t\t<div class=\"elementor-container elementor-column-gap-default\">\n\t\t\t\t\t<div class=\"elementor-column elementor-col-50 elementor-inner-column elementor-element elementor-element-b1e0164\" data-id=\"b1e0164\" data-element_type=\"column\">\n\t\t\t<div class=\"elementor-widget-wrap\">\n\t\t\t\t\t\t\t\t\t<\/div>\n\t\t<\/div>\n\t\t\t\t<div class=\"elementor-column elementor-col-50 elementor-inner-column elementor-element elementor-element-22aaf6e\" data-id=\"22aaf6e\" data-element_type=\"column\">\n\t\t\t<div class=\"elementor-widget-wrap\">\n\t\t\t\t\t\t\t\t\t<\/div>\n\t\t<\/div>\n\t\t\t\t\t\t\t<\/div>\n\t\t<\/section>\n\t\t\t\t<section class=\"elementor-section elementor-inner-section elementor-element elementor-element-94e8878 elementor-section-boxed elementor-section-height-default elementor-section-height-default\" data-id=\"94e8878\" data-element_type=\"section\">\n\t\t\t\t\t\t<div class=\"elementor-container elementor-column-gap-default\">\n\t\t\t\t\t<div class=\"elementor-column elementor-col-100 elementor-inner-column elementor-element elementor-element-3d43db1\" data-id=\"3d43db1\" data-element_type=\"column\">\n\t\t\t<div class=\"elementor-widget-wrap elementor-element-populated\">\n\t\t\t\t\t\t\t\t<div class=\"elementor-element elementor-element-eb273fb elementor-widget elementor-widget-menu-anchor\" data-id=\"eb273fb\" data-element_type=\"widget\" data-widget_type=\"menu-anchor.default\">\n\t\t\t\t<div class=\"elementor-widget-container\">\n\t\t\t\t\t<div id=\"kalitekontrol\" class=\"elementor-menu-anchor\"><\/div>\n\t\t\t\t<\/div>\n\t\t\t\t<\/div>\n\t\t\t\t<div class=\"elementor-element elementor-element-e8c7928 elementor-widget elementor-widget-spacer\" data-id=\"e8c7928\" data-element_type=\"widget\" data-widget_type=\"spacer.default\">\n\t\t\t\t<div class=\"elementor-widget-container\">\n\t\t\t\t\t<div class=\"elementor-spacer\">\n\t\t\t<div class=\"elementor-spacer-inner\"><\/div>\n\t\t<\/div>\n\t\t\t\t<\/div>\n\t\t\t\t<\/div>\n\t\t\t\t\t<\/div>\n\t\t<\/div>\n\t\t\t\t\t\t\t<\/div>\n\t\t<\/section>\n\t\t\t\t<section class=\"elementor-section elementor-inner-section elementor-element elementor-element-5f24aa0 elementor-section-boxed elementor-section-height-default elementor-section-height-default\" data-id=\"5f24aa0\" data-element_type=\"section\">\n\t\t\t\t\t\t<div class=\"elementor-container elementor-column-gap-default\">\n\t\t\t\t\t<div class=\"elementor-column elementor-col-33 elementor-inner-column elementor-element elementor-element-c284f30\" data-id=\"c284f30\" data-element_type=\"column\">\n\t\t\t<div class=\"elementor-widget-wrap elementor-element-populated\">\n\t\t\t\t\t\t\t\t<div class=\"elementor-element elementor-element-df19340 elementor-widget elementor-widget-image\" data-id=\"df19340\" data-element_type=\"widget\" data-widget_type=\"image.default\">\n\t\t\t\t<div class=\"elementor-widget-container\">\n\t\t\t\t\t\t\t\t\t\t\t\t\t\t\t<img loading=\"lazy\" decoding=\"async\" width=\"600\" height=\"201\" src=\"https:\/\/www.fistiktekstil.com\/wp-content\/uploads\/2021\/09\/crtfc_b.png\" class=\"attachment-large size-large\" alt=\"\" srcset=\"https:\/\/www.fistiktekstil.com\/wp-content\/uploads\/2021\/09\/crtfc_b.png 600w, https:\/\/www.fistiktekstil.com\/wp-content\/uploads\/2021\/09\/crtfc_b-300x101.png 300w, https:\/\/www.fistiktekstil.com\/wp-content\/uploads\/2021\/09\/crtfc_b-260x87.png 260w, https:\/\/www.fistiktekstil.com\/wp-content\/uploads\/2021\/09\/crtfc_b-50x17.png 50w, https:\/\/www.fistiktekstil.com\/wp-content\/uploads\/2021\/09\/crtfc_b-150x50.png 150w\" sizes=\"auto, (max-width: 600px) 100vw, 600px\" \/>\t\t\t\t\t\t\t\t\t\t\t\t\t\t\t<\/div>\n\t\t\t\t<\/div>\n\t\t\t\t\t<\/div>\n\t\t<\/div>\n\t\t\t\t<div class=\"elementor-column elementor-col-66 elementor-inner-column elementor-element elementor-element-1b0ad71\" data-id=\"1b0ad71\" data-element_type=\"column\">\n\t\t\t<div class=\"elementor-widget-wrap elementor-element-populated\">\n\t\t\t\t\t\t\t\t<div class=\"elementor-element elementor-element-cfa07e6 elementor-widget elementor-widget-text-editor\" data-id=\"cfa07e6\" data-element_type=\"widget\" data-widget_type=\"text-editor.default\">\n\t\t\t\t<div class=\"elementor-widget-container\">\n\t\t\t\t\t\t\t<h2><span style=\"color: #5aac4e;\">Kalite Kontrol<\/span><\/h2>\n<P>Kalite Kontrol b\u00f6l\u00fcm\u00fcm\u00fcz, ham kalite kontrol ve son kalite kontrol olmak \u00fczere iki ayr\u0131 b\u00f6l\u00fcmden olu\u015fmaktad\u0131r.<\/P>\n<P>\u00d6rg\u00fc i\u015fletmesinde \u00f6r\u00fclen her top kuma\u015f, \u00f6r\u00fcld\u00fckten hemen sonra kalite kontrol ekibi taraf\u0131ndan kontrol edilmektedir.<\/P>\n<P>\u00d6r\u00fclen kuma\u015flar\u0131n boyanmas\u0131 ve akabinde fini\u015flenmesi s\u00fcrecinde ara kontroller yap\u0131lmakta, bitmi\u015f mamullerin ise g\u00f6rsel, fiziksel ve kimyasal testler ile son kontrolleri yap\u0131lmaktad\u0131r.<\/P>\n<P>Renk kontrol\u00fc (spektrofotometre ve g\u00f6z ile), Y\u0131kama Sonras\u0131 Boyut De\u011fi\u015fimi-\u00c7ekmezlik, Y\u0131kama Sonras\u0131 D\u00f6nme, Tu\u015fe, Renk Hasl\u0131\u011f\u0131, Y\u0131kama Hasl\u0131\u011f\u0131, Su Hasl\u0131\u011f\u0131, Ter Hasl\u0131\u011f\u0131, S\u00fcrtme Hasl\u0131\u011f\u0131, Pilling Testi, Ph, Gramaj, En, Kopma Mukavemeti test ve kontrolleri laboratuvarlar\u0131m\u0131zda yap\u0131lan i\u015flemlere \u00f6rnektir.<\/P>\n<P>\u00dcretilen kuma\u015flara ait numuneler ar\u015fivimizde yakla\u015f\u0131k 3 ay kadar saklanmaktad\u0131r. Bu sayede sevkiyat sonras\u0131 \u00e7\u0131kabilecek olas\u0131 problemlerde h\u0131zl\u0131 ve do\u011fru \u00e7\u00f6z\u00fcmler \u00fcretebilmekteyiz.<\/P>\t\t\t\t\t\t<\/div>\n\t\t\t\t<\/div>\n\t\t\t\t\t<\/div>\n\t\t<\/div>\n\t\t\t\t\t\t\t<\/div>\n\t\t<\/section>\n\t\t\t\t\t<\/div>\n\t\t<\/div>\n\t\t\t\t\t\t\t<\/div>\n\t\t<\/section>\n\t\t\t\t\t\t\t<\/div>\n\t\t","protected":false},"excerpt":{"rendered":"<p>AR-GE Yenilik\u00e7i ve Bilimsel Yenilik\u00e7i ve bilimsel geli\u015fmeleri \u00e7al\u0131\u015fmas\u0131n\u0131n merkezine yerle\u015ftiren F\u0131st\u0131k Tekstil, yeni fikirlerin geli\u015fmesi ve de\u011ferlendirilmesi amac\u0131yla 2005 tarihinde Ar-Ge Laboratuvar\u0131n\u0131 kurdu. Ar-Ge \u00e7al\u0131\u015fmalar\u0131<span class=\"excerpt-hellip\"> [\u2026]<\/span><\/p>\n","protected":false},"author":1,"featured_media":0,"parent":0,"menu_order":0,"comment_status":"closed","ping_status":"closed","template":"","meta":{"footnotes":""},"class_list":["post-148","page","type-page","status-publish","hentry"],"_links":{"self":[{"href":"https:\/\/www.fistiktekstil.com\/tr\/wp-json\/wp\/v2\/pages\/148","targetHints":{"allow":["GET"]}}],"collection":[{"href":"https:\/\/www.fistiktekstil.com\/tr\/wp-json\/wp\/v2\/pages"}],"about":[{"href":"https:\/\/www.fistiktekstil.com\/tr\/wp-json\/wp\/v2\/types\/page"}],"author":[{"embeddable":true,"href":"https:\/\/www.fistiktekstil.com\/tr\/wp-json\/wp\/v2\/users\/1"}],"replies":[{"embeddable":true,"href":"https:\/\/www.fistiktekstil.com\/tr\/wp-json\/wp\/v2\/comments?post=148"}],"version-history":[{"count":0,"href":"https:\/\/www.fistiktekstil.com\/tr\/wp-json\/wp\/v2\/pages\/148\/revisions"}],"wp:attachment":[{"href":"https:\/\/www.fistiktekstil.com\/tr\/wp-json\/wp\/v2\/media?parent=148"}],"curies":[{"name":"wp","href":"https:\/\/api.w.org\/{rel}","templated":true}]}}