{"id":1851,"date":"2021-09-16T19:09:17","date_gmt":"2021-09-16T19:09:17","guid":{"rendered":"http:\/\/www.fistiktekstil.com\/?page_id=1851"},"modified":"2021-11-02T07:59:14","modified_gmt":"2021-11-02T07:59:14","slug":"yonetim-ekibi-mesaji","status":"publish","type":"page","link":"https:\/\/www.fistiktekstil.com\/tr\/yonetim-ekibi-mesaji\/","title":{"rendered":"Y\u00f6netim Ekibi Mesaj\u0131"},"content":{"rendered":"\t\t<div data-elementor-type=\"wp-page\" data-elementor-id=\"1851\" class=\"elementor elementor-1851\">\n\t\t\t\t\t\t\t\t\t<section class=\"elementor-section elementor-top-section elementor-element elementor-element-d8551b1 elementor-section-stretched elementor-section-full_width elementor-section-height-default elementor-section-height-default\" data-id=\"d8551b1\" data-element_type=\"section\" data-settings=\"{&quot;stretch_section&quot;:&quot;section-stretched&quot;,&quot;background_background&quot;:&quot;classic&quot;}\">\n\t\t\t\t\t\t<div class=\"elementor-container elementor-column-gap-wider\">\n\t\t\t\t\t<div class=\"elementor-column elementor-col-50 elementor-top-column elementor-element elementor-element-161d3cd\" data-id=\"161d3cd\" data-element_type=\"column\">\n\t\t\t<div class=\"elementor-widget-wrap elementor-element-populated\">\n\t\t\t\t\t\t\t\t<section class=\"elementor-section elementor-inner-section elementor-element elementor-element-c8e7cd6 elementor-section-boxed elementor-section-height-default elementor-section-height-default\" data-id=\"c8e7cd6\" data-element_type=\"section\">\n\t\t\t\t\t\t<div class=\"elementor-container elementor-column-gap-default\">\n\t\t\t\t\t<div class=\"elementor-column elementor-col-100 elementor-inner-column elementor-element elementor-element-e57a1c0\" data-id=\"e57a1c0\" data-element_type=\"column\">\n\t\t\t<div class=\"elementor-widget-wrap elementor-element-populated\">\n\t\t\t\t\t\t\t\t<div class=\"elementor-element elementor-element-cc9dcff elementor-widget elementor-widget-heading\" data-id=\"cc9dcff\" data-element_type=\"widget\" data-widget_type=\"heading.default\">\n\t\t\t\t<div class=\"elementor-widget-container\">\n\t\t\t<style>\/*! elementor - v3.7.8 - 02-10-2022 *\/\n.elementor-heading-title{padding:0;margin:0;line-height:1}.elementor-widget-heading .elementor-heading-title[class*=elementor-size-]>a{color:inherit;font-size:inherit;line-height:inherit}.elementor-widget-heading .elementor-heading-title.elementor-size-small{font-size:15px}.elementor-widget-heading .elementor-heading-title.elementor-size-medium{font-size:19px}.elementor-widget-heading .elementor-heading-title.elementor-size-large{font-size:29px}.elementor-widget-heading .elementor-heading-title.elementor-size-xl{font-size:39px}.elementor-widget-heading .elementor-heading-title.elementor-size-xxl{font-size:59px}<\/style><h6 class=\"elementor-heading-title elementor-size-default\">Y\u00d6NET\u0130M EK\u0130B\u0130 MESAJI<\/h6>\t\t<\/div>\n\t\t\t\t<\/div>\n\t\t\t\t<div class=\"elementor-element elementor-element-e30e946 elementor-widget elementor-widget-text-editor\" data-id=\"e30e946\" data-element_type=\"widget\" data-widget_type=\"text-editor.default\">\n\t\t\t\t<div class=\"elementor-widget-container\">\n\t\t\t<style>\/*! elementor - v3.7.8 - 02-10-2022 *\/\n.elementor-widget-text-editor.elementor-drop-cap-view-stacked .elementor-drop-cap{background-color:#818a91;color:#fff}.elementor-widget-text-editor.elementor-drop-cap-view-framed .elementor-drop-cap{color:#818a91;border:3px solid;background-color:transparent}.elementor-widget-text-editor:not(.elementor-drop-cap-view-default) .elementor-drop-cap{margin-top:8px}.elementor-widget-text-editor:not(.elementor-drop-cap-view-default) .elementor-drop-cap-letter{width:1em;height:1em}.elementor-widget-text-editor .elementor-drop-cap{float:left;text-align:center;line-height:1;font-size:50px}.elementor-widget-text-editor .elementor-drop-cap-letter{display:inline-block}<\/style>\t\t\t\t<h1><span style=\"color: #5aac4e;\">Payda\u015flar\u0131m\u0131zla G\u00fc\u00e7l\u00fcy\u00fcz<\/span><\/h1><p>\u00a0<\/p>\t\t\t\t\t\t<\/div>\n\t\t\t\t<\/div>\n\t\t\t\t\t<\/div>\n\t\t<\/div>\n\t\t\t\t\t\t\t<\/div>\n\t\t<\/section>\n\t\t\t\t<section class=\"elementor-section elementor-inner-section elementor-element elementor-element-13a7762 elementor-section-boxed elementor-section-height-default elementor-section-height-default\" data-id=\"13a7762\" data-element_type=\"section\">\n\t\t\t\t\t\t<div class=\"elementor-container elementor-column-gap-default\">\n\t\t\t\t\t<div class=\"elementor-column elementor-col-100 elementor-inner-column elementor-element elementor-element-63004e9\" data-id=\"63004e9\" data-element_type=\"column\">\n\t\t\t<div class=\"elementor-widget-wrap\">\n\t\t\t\t\t\t\t\t\t<\/div>\n\t\t<\/div>\n\t\t\t\t\t\t\t<\/div>\n\t\t<\/section>\n\t\t\t\t\t<\/div>\n\t\t<\/div>\n\t\t\t\t<div class=\"elementor-column elementor-col-50 elementor-top-column elementor-element elementor-element-420e583\" data-id=\"420e583\" data-element_type=\"column\" data-settings=\"{&quot;background_background&quot;:&quot;classic&quot;}\">\n\t\t\t<div class=\"elementor-widget-wrap elementor-element-populated\">\n\t\t\t\t\t\t\t\t<section class=\"elementor-section elementor-inner-section elementor-element elementor-element-26e9a80 elementor-section-boxed elementor-section-height-default elementor-section-height-default\" data-id=\"26e9a80\" data-element_type=\"section\">\n\t\t\t\t\t\t<div class=\"elementor-container elementor-column-gap-default\">\n\t\t\t\t\t<div class=\"elementor-column elementor-col-100 elementor-inner-column elementor-element elementor-element-1da4fb5\" data-id=\"1da4fb5\" data-element_type=\"column\">\n\t\t\t<div class=\"elementor-widget-wrap elementor-element-populated\">\n\t\t\t\t\t\t\t\t<div class=\"elementor-element elementor-element-f77a55e elementor-widget elementor-widget-spacer\" data-id=\"f77a55e\" data-element_type=\"widget\" data-widget_type=\"spacer.default\">\n\t\t\t\t<div class=\"elementor-widget-container\">\n\t\t\t<style>\/*! elementor - v3.7.8 - 02-10-2022 *\/\n.elementor-column .elementor-spacer-inner{height:var(--spacer-size)}.e-container{--container-widget-width:100%}.e-container>.elementor-widget-spacer{width:var(--container-widget-width,var(--spacer-size));-ms-flex-item-align:stretch;align-self:stretch;-ms-flex-negative:0;flex-shrink:0}.e-container>.elementor-widget-spacer>.elementor-widget-container,.e-container>.elementor-widget-spacer>.elementor-widget-container>.elementor-spacer{height:100%}.e-container>.elementor-widget-spacer>.elementor-widget-container>.elementor-spacer>.elementor-spacer-inner{height:var(--container-widget-height,var(--spacer-size))}<\/style>\t\t<div class=\"elementor-spacer\">\n\t\t\t<div class=\"elementor-spacer-inner\"><\/div>\n\t\t<\/div>\n\t\t\t\t<\/div>\n\t\t\t\t<\/div>\n\t\t\t\t\t<\/div>\n\t\t<\/div>\n\t\t\t\t\t\t\t<\/div>\n\t\t<\/section>\n\t\t\t\t\t<\/div>\n\t\t<\/div>\n\t\t\t\t\t\t\t<\/div>\n\t\t<\/section>\n\t\t\t\t<section class=\"elementor-section elementor-top-section elementor-element elementor-element-74a7e8a elementor-section-stretched elementor-section-boxed elementor-section-height-default elementor-section-height-default\" data-id=\"74a7e8a\" data-element_type=\"section\" data-settings=\"{&quot;stretch_section&quot;:&quot;section-stretched&quot;,&quot;background_background&quot;:&quot;classic&quot;}\">\n\t\t\t\t\t\t<div class=\"elementor-container elementor-column-gap-wider\">\n\t\t\t\t\t<div class=\"elementor-column elementor-col-100 elementor-top-column elementor-element elementor-element-75417ac\" data-id=\"75417ac\" data-element_type=\"column\">\n\t\t\t<div class=\"elementor-widget-wrap elementor-element-populated\">\n\t\t\t\t\t\t\t\t<div class=\"elementor-element elementor-element-951913a elementor-widget elementor-widget-text-editor\" data-id=\"951913a\" data-element_type=\"widget\" data-widget_type=\"text-editor.default\">\n\t\t\t\t<div class=\"elementor-widget-container\">\n\t\t\t\t\t\t\t<p>De\u011ferli Payda\u015flar\u0131m\u0131z,<\/p><p><br \/>1970\u2019li y\u0131llarda ba\u015flayan ihracat faaliyetlerimiz ile d\u00fcnyan\u0131n farkl\u0131 b\u00f6lgelerinde \u00e7al\u0131\u015fma f\u0131rsat\u0131 yakalad\u0131k. G\u00fc\u00e7l\u00fc ihracat tecr\u00fcbemiz, edindi\u011fimiz birikim ve zaman\u0131n de\u011fi\u015fen ihtiya\u00e7lar\u0131 do\u011frultusunda 1996 y\u0131l\u0131nda oda\u011f\u0131m\u0131z tekstil sekt\u00f6r\u00fc oldu.<\/p><p><br \/>F\u0131st\u0131k Tekstil olarak, kurulu\u015fumuzdan bu yana tekstil sekt\u00f6r\u00fcnde tercih edilen, sayg\u0131n ve g\u00fcvenilir bir i\u015f orta\u011f\u0131 olmay\u0131 ama\u00e7lad\u0131k. Yol haritam\u0131z de\u011fi\u015fen d\u00fcnyan\u0131n ihtiya\u00e7lar\u0131n\u0131 g\u00f6z \u00f6n\u00fcne alarak tekstil sekt\u00f6r\u00fcnde yenilik\u00e7i \u00e7\u00f6z\u00fcmler sunmak. Bu kapsamda sekt\u00f6r\u00fcm\u00fczdeki geli\u015fmeleri yak\u0131ndan takip ediyor, gelen taleplere uygun \u00fcr\u00fcnler sunabilmek i\u00e7in teknoloji altyap\u0131m\u0131za, ekipmanlar\u0131m\u0131za, ARGE \u00e7al\u0131\u015fmalar\u0131m\u0131za d\u00fczenli yat\u0131r\u0131m yap\u0131yoruz. Yakla\u015f\u0131k 200 ki\u015filik uzman ekibimiz, ayl\u0131k 500 ton \u00fcretim kapasitemiz ile yurt i\u00e7i ve yurt d\u0131\u015f\u0131 pazarlardan gelen taleplere zaman\u0131nda ve uluslararas\u0131 standartlara uygun \u00fcr\u00fcnleri ula\u015ft\u0131rmak i\u00e7in \u00e7al\u0131\u015f\u0131yoruz.<\/p><p><br \/>Kurum stratejimiz D\u00fcnya kaynaklar\u0131na sahip \u00e7\u0131karak, sa\u011flam ve s\u00fcrd\u00fcr\u00fclebilir b\u00fcy\u00fcme ile \u00fclke ekonomisine ve istihdam\u0131na katk\u0131 sa\u011flamak. Bu do\u011frultuda 16 \u00fclkeye ihracat\u0131 bulunan \u015firketimizin uluslararas\u0131 a\u011f\u0131n\u0131 daha da art\u0131rmay\u0131 hedefliyoruz.<\/p><p><br \/>\u00c7eyrek y\u00fczy\u0131ld\u0131r devam eden ser\u00fcvenimiz, kaliteden ve m\u00fc\u015fteri odakl\u0131l\u0131ktan taviz vermeden devam ediyor. \u00dcretime ba\u015flad\u0131\u011f\u0131 g\u00fcnden bu yana dinamik bir geli\u015fme kaydeden F\u0131st\u0131k Tekstil, \u00fclkemizi ve sekt\u00f6r\u00fcm\u00fcz\u00fc her zaman gururla temsil edecektir.<\/p><p><br \/><strong>F\u0131st\u0131k Tekstil<\/strong><br \/><br \/><strong>Y\u00f6netim Ekibi<\/strong><\/p><p>\u00a0<\/p>\t\t\t\t\t\t<\/div>\n\t\t\t\t<\/div>\n\t\t\t\t<section class=\"elementor-section elementor-inner-section elementor-element elementor-element-f2336b7 elementor-section-boxed elementor-section-height-default elementor-section-height-default\" data-id=\"f2336b7\" data-element_type=\"section\">\n\t\t\t\t\t\t<div class=\"elementor-container elementor-column-gap-default\">\n\t\t\t\t\t<div class=\"elementor-column elementor-col-100 elementor-inner-column elementor-element elementor-element-0cf0577\" data-id=\"0cf0577\" data-element_type=\"column\">\n\t\t\t<div class=\"elementor-widget-wrap elementor-element-populated\">\n\t\t\t\t\t\t\t\t<section class=\"elementor-section elementor-inner-section elementor-element elementor-element-ea66f3b elementor-section-boxed elementor-section-height-default elementor-section-height-default\" data-id=\"ea66f3b\" data-element_type=\"section\">\n\t\t\t\t\t\t<div class=\"elementor-container elementor-column-gap-default\">\n\t\t\t\t\t<div class=\"elementor-column elementor-col-100 elementor-inner-column elementor-element elementor-element-44a10f5\" data-id=\"44a10f5\" data-element_type=\"column\">\n\t\t\t<div class=\"elementor-widget-wrap\">\n\t\t\t\t\t\t\t\t\t<\/div>\n\t\t<\/div>\n\t\t\t\t\t\t\t<\/div>\n\t\t<\/section>\n\t\t\t\t\t<\/div>\n\t\t<\/div>\n\t\t\t\t\t\t\t<\/div>\n\t\t<\/section>\n\t\t\t\t<div class=\"elementor-element elementor-element-63ca7ca elementor-widget elementor-widget-spacer\" data-id=\"63ca7ca\" data-element_type=\"widget\" data-widget_type=\"spacer.default\">\n\t\t\t\t<div class=\"elementor-widget-container\">\n\t\t\t\t\t<div class=\"elementor-spacer\">\n\t\t\t<div class=\"elementor-spacer-inner\"><\/div>\n\t\t<\/div>\n\t\t\t\t<\/div>\n\t\t\t\t<\/div>\n\t\t\t\t\t<\/div>\n\t\t<\/div>\n\t\t\t\t\t\t\t<\/div>\n\t\t<\/section>\n\t\t\t\t\t\t\t<\/div>\n\t\t","protected":false},"excerpt":{"rendered":"<p>Y\u00d6NET\u0130M EK\u0130B\u0130 MESAJI Payda\u015flar\u0131m\u0131zla G\u00fc\u00e7l\u00fcy\u00fcz \u00a0 De\u011ferli Payda\u015flar\u0131m\u0131z, 1970\u2019li y\u0131llarda ba\u015flayan ihracat faaliyetlerimiz ile d\u00fcnyan\u0131n farkl\u0131 b\u00f6lgelerinde \u00e7al\u0131\u015fma f\u0131rsat\u0131 yakalad\u0131k. G\u00fc\u00e7l\u00fc ihracat tecr\u00fcbemiz, edindi\u011fimiz birikim ve<span class=\"excerpt-hellip\"> [\u2026]<\/span><\/p>\n","protected":false},"author":1,"featured_media":0,"parent":0,"menu_order":0,"comment_status":"closed","ping_status":"closed","template":"","meta":{"footnotes":""},"class_list":["post-1851","page","type-page","status-publish","hentry"],"_links":{"self":[{"href":"https:\/\/www.fistiktekstil.com\/tr\/wp-json\/wp\/v2\/pages\/1851","targetHints":{"allow":["GET"]}}],"collection":[{"href":"https:\/\/www.fistiktekstil.com\/tr\/wp-json\/wp\/v2\/pages"}],"about":[{"href":"https:\/\/www.fistiktekstil.com\/tr\/wp-json\/wp\/v2\/types\/page"}],"author":[{"embeddable":true,"href":"https:\/\/www.fistiktekstil.com\/tr\/wp-json\/wp\/v2\/users\/1"}],"replies":[{"embeddable":true,"href":"https:\/\/www.fistiktekstil.com\/tr\/wp-json\/wp\/v2\/comments?post=1851"}],"version-history":[{"count":0,"href":"https:\/\/www.fistiktekstil.com\/tr\/wp-json\/wp\/v2\/pages\/1851\/revisions"}],"wp:attachment":[{"href":"https:\/\/www.fistiktekstil.com\/tr\/wp-json\/wp\/v2\/media?parent=1851"}],"curies":[{"name":"wp","href":"https:\/\/api.w.org\/{rel}","templated":true}]}}