{"id":846,"date":"2021-09-12T11:44:22","date_gmt":"2021-09-12T11:44:22","guid":{"rendered":"http:\/\/www.fistiktekstil.com\/?page_id=846"},"modified":"2022-10-18T20:36:20","modified_gmt":"2022-10-18T20:36:20","slug":"fistik-tekstil-urunleri","status":"publish","type":"page","link":"https:\/\/www.fistiktekstil.com\/tr\/fistik-tekstil-urunleri\/","title":{"rendered":"\u00dcr\u00fcnler"},"content":{"rendered":"\t\t<div data-elementor-type=\"wp-page\" data-elementor-id=\"846\" class=\"elementor elementor-846\">\n\t\t\t\t\t\t\t\t\t<section class=\"elementor-section elementor-top-section elementor-element elementor-element-528173d elementor-section-stretched elementor-section-full_width elementor-section-height-default elementor-section-height-default\" data-id=\"528173d\" data-element_type=\"section\" data-settings=\"{&quot;stretch_section&quot;:&quot;section-stretched&quot;,&quot;background_background&quot;:&quot;classic&quot;}\">\n\t\t\t\t\t\t<div class=\"elementor-container elementor-column-gap-wider\">\n\t\t\t\t\t<div class=\"elementor-column elementor-col-50 elementor-top-column elementor-element elementor-element-cad68a0\" data-id=\"cad68a0\" data-element_type=\"column\">\n\t\t\t<div class=\"elementor-widget-wrap elementor-element-populated\">\n\t\t\t\t\t\t\t\t<section class=\"elementor-section elementor-inner-section elementor-element elementor-element-63e8533 elementor-section-boxed elementor-section-height-default elementor-section-height-default\" data-id=\"63e8533\" data-element_type=\"section\">\n\t\t\t\t\t\t<div class=\"elementor-container elementor-column-gap-default\">\n\t\t\t\t\t<div class=\"elementor-column elementor-col-100 elementor-inner-column elementor-element elementor-element-ba39297\" data-id=\"ba39297\" data-element_type=\"column\">\n\t\t\t<div class=\"elementor-widget-wrap elementor-element-populated\">\n\t\t\t\t\t\t\t\t<div class=\"elementor-element elementor-element-d00bc11 elementor-widget elementor-widget-heading\" data-id=\"d00bc11\" data-element_type=\"widget\" data-widget_type=\"heading.default\">\n\t\t\t\t<div class=\"elementor-widget-container\">\n\t\t\t<style>\/*! elementor - v3.7.8 - 02-10-2022 *\/\n.elementor-heading-title{padding:0;margin:0;line-height:1}.elementor-widget-heading .elementor-heading-title[class*=elementor-size-]>a{color:inherit;font-size:inherit;line-height:inherit}.elementor-widget-heading .elementor-heading-title.elementor-size-small{font-size:15px}.elementor-widget-heading .elementor-heading-title.elementor-size-medium{font-size:19px}.elementor-widget-heading .elementor-heading-title.elementor-size-large{font-size:29px}.elementor-widget-heading .elementor-heading-title.elementor-size-xl{font-size:39px}.elementor-widget-heading .elementor-heading-title.elementor-size-xxl{font-size:59px}<\/style><h4 class=\"elementor-heading-title elementor-size-default\">\u00dcR\u00dcNLER<\/h4>\t\t<\/div>\n\t\t\t\t<\/div>\n\t\t\t\t\t<\/div>\n\t\t<\/div>\n\t\t\t\t\t\t\t<\/div>\n\t\t<\/section>\n\t\t\t\t<div class=\"elementor-element elementor-element-a71957b elementor-widget elementor-widget-text-editor\" data-id=\"a71957b\" data-element_type=\"widget\" data-widget_type=\"text-editor.default\">\n\t\t\t\t<div class=\"elementor-widget-container\">\n\t\t\t<style>\/*! elementor - v3.7.8 - 02-10-2022 *\/\n.elementor-widget-text-editor.elementor-drop-cap-view-stacked .elementor-drop-cap{background-color:#818a91;color:#fff}.elementor-widget-text-editor.elementor-drop-cap-view-framed .elementor-drop-cap{color:#818a91;border:3px solid;background-color:transparent}.elementor-widget-text-editor:not(.elementor-drop-cap-view-default) .elementor-drop-cap{margin-top:8px}.elementor-widget-text-editor:not(.elementor-drop-cap-view-default) .elementor-drop-cap-letter{width:1em;height:1em}.elementor-widget-text-editor .elementor-drop-cap{float:left;text-align:center;line-height:1;font-size:50px}.elementor-widget-text-editor .elementor-drop-cap-letter{display:inline-block}<\/style>\t\t\t\t<h1><span style=\"color: #5aac4e;\">Markalara G\u00fc\u00e7 Katan<\/span>\u00a0<br>\u00dcr\u00fcnler<\/h1>\t\t\t\t\t\t<\/div>\n\t\t\t\t<\/div>\n\t\t\t\t<section class=\"elementor-section elementor-inner-section elementor-element elementor-element-a8f37ca elementor-section-boxed elementor-section-height-default elementor-section-height-default\" data-id=\"a8f37ca\" data-element_type=\"section\">\n\t\t\t\t\t\t<div class=\"elementor-container elementor-column-gap-default\">\n\t\t\t\t\t<div class=\"elementor-column elementor-col-100 elementor-inner-column elementor-element elementor-element-341e625\" data-id=\"341e625\" data-element_type=\"column\">\n\t\t\t<div class=\"elementor-widget-wrap\">\n\t\t\t\t\t\t\t\t\t<\/div>\n\t\t<\/div>\n\t\t\t\t\t\t\t<\/div>\n\t\t<\/section>\n\t\t\t\t\t<\/div>\n\t\t<\/div>\n\t\t\t\t<div class=\"elementor-column elementor-col-50 elementor-top-column elementor-element elementor-element-3fbd102\" data-id=\"3fbd102\" data-element_type=\"column\" data-settings=\"{&quot;background_background&quot;:&quot;classic&quot;}\">\n\t\t\t<div class=\"elementor-widget-wrap elementor-element-populated\">\n\t\t\t\t\t\t\t\t<section class=\"elementor-section elementor-inner-section elementor-element elementor-element-63016df elementor-section-boxed elementor-section-height-default elementor-section-height-default\" data-id=\"63016df\" data-element_type=\"section\">\n\t\t\t\t\t\t<div class=\"elementor-container elementor-column-gap-default\">\n\t\t\t\t\t<div class=\"elementor-column elementor-col-100 elementor-inner-column elementor-element elementor-element-06c16f1\" data-id=\"06c16f1\" data-element_type=\"column\">\n\t\t\t<div class=\"elementor-widget-wrap\">\n\t\t\t\t\t\t\t\t\t<\/div>\n\t\t<\/div>\n\t\t\t\t\t\t\t<\/div>\n\t\t<\/section>\n\t\t\t\t<div class=\"elementor-element elementor-element-a7a51f9 elementor-widget elementor-widget-spacer\" data-id=\"a7a51f9\" data-element_type=\"widget\" data-widget_type=\"spacer.default\">\n\t\t\t\t<div class=\"elementor-widget-container\">\n\t\t\t<style>\/*! elementor - v3.7.8 - 02-10-2022 *\/\n.elementor-column .elementor-spacer-inner{height:var(--spacer-size)}.e-container{--container-widget-width:100%}.e-container>.elementor-widget-spacer{width:var(--container-widget-width,var(--spacer-size));-ms-flex-item-align:stretch;align-self:stretch;-ms-flex-negative:0;flex-shrink:0}.e-container>.elementor-widget-spacer>.elementor-widget-container,.e-container>.elementor-widget-spacer>.elementor-widget-container>.elementor-spacer{height:100%}.e-container>.elementor-widget-spacer>.elementor-widget-container>.elementor-spacer>.elementor-spacer-inner{height:var(--container-widget-height,var(--spacer-size))}<\/style>\t\t<div class=\"elementor-spacer\">\n\t\t\t<div class=\"elementor-spacer-inner\"><\/div>\n\t\t<\/div>\n\t\t\t\t<\/div>\n\t\t\t\t<\/div>\n\t\t\t\t\t<\/div>\n\t\t<\/div>\n\t\t\t\t\t\t\t<\/div>\n\t\t<\/section>\n\t\t\t\t<section class=\"elementor-section elementor-top-section elementor-element elementor-element-5649bd7 elementor-section-stretched elementor-section-boxed elementor-section-height-default elementor-section-height-default\" data-id=\"5649bd7\" data-element_type=\"section\" data-settings=\"{&quot;stretch_section&quot;:&quot;section-stretched&quot;}\">\n\t\t\t\t\t\t<div class=\"elementor-container elementor-column-gap-wider\">\n\t\t\t\t\t<div class=\"elementor-column elementor-col-100 elementor-top-column elementor-element elementor-element-4fe920d\" data-id=\"4fe920d\" data-element_type=\"column\">\n\t\t\t<div class=\"elementor-widget-wrap elementor-element-populated\">\n\t\t\t\t\t\t\t\t<section class=\"elementor-section elementor-inner-section elementor-element elementor-element-2d8b85d elementor-section-boxed elementor-section-height-default elementor-section-height-default\" data-id=\"2d8b85d\" data-element_type=\"section\">\n\t\t\t\t\t\t<div class=\"elementor-container elementor-column-gap-default\">\n\t\t\t\t\t<div class=\"elementor-column elementor-col-33 elementor-inner-column elementor-element elementor-element-567281a\" data-id=\"567281a\" data-element_type=\"column\">\n\t\t\t<div class=\"elementor-widget-wrap elementor-element-populated\">\n\t\t\t\t\t\t\t\t<div class=\"elementor-element elementor-element-0f55c92 elementor-widget elementor-widget-image\" data-id=\"0f55c92\" data-element_type=\"widget\" data-widget_type=\"image.default\">\n\t\t\t\t<div class=\"elementor-widget-container\">\n\t\t\t<style>\/*! elementor - v3.7.8 - 02-10-2022 *\/\n.elementor-widget-image{text-align:center}.elementor-widget-image a{display:inline-block}.elementor-widget-image a img[src$=\".svg\"]{width:48px}.elementor-widget-image img{vertical-align:middle;display:inline-block}<\/style>\t\t\t\t\t\t\t\t\t\t\t\t<img loading=\"lazy\" decoding=\"async\" width=\"600\" height=\"438\" src=\"https:\/\/www.fistiktekstil.com\/wp-content\/uploads\/2022\/10\/1.jpg\" class=\"attachment-large size-large\" alt=\"\" srcset=\"https:\/\/www.fistiktekstil.com\/wp-content\/uploads\/2022\/10\/1.jpg 600w, https:\/\/www.fistiktekstil.com\/wp-content\/uploads\/2022\/10\/1-300x219.jpg 300w, https:\/\/www.fistiktekstil.com\/wp-content\/uploads\/2022\/10\/1-200x146.jpg 200w, https:\/\/www.fistiktekstil.com\/wp-content\/uploads\/2022\/10\/1-50x37.jpg 50w, https:\/\/www.fistiktekstil.com\/wp-content\/uploads\/2022\/10\/1-103x75.jpg 103w\" sizes=\"auto, (max-width: 600px) 100vw, 600px\" \/>\t\t\t\t\t\t\t\t\t\t\t\t\t\t\t<\/div>\n\t\t\t\t<\/div>\n\t\t\t\t<div class=\"elementor-element elementor-element-87ec860 elementor-widget elementor-widget-text-editor\" data-id=\"87ec860\" data-element_type=\"widget\" data-widget_type=\"text-editor.default\">\n\t\t\t\t<div class=\"elementor-widget-container\">\n\t\t\t\t\t\t\t<h4><a href=\"#suprem\"><span style=\"caret-color: #f0f0f0;\">Rib 1*1<\/span><\/a><\/h4>\t\t\t\t\t\t<\/div>\n\t\t\t\t<\/div>\n\t\t\t\t\t<\/div>\n\t\t<\/div>\n\t\t\t\t<div class=\"elementor-column elementor-col-33 elementor-inner-column elementor-element elementor-element-0580b6f\" data-id=\"0580b6f\" data-element_type=\"column\">\n\t\t\t<div class=\"elementor-widget-wrap elementor-element-populated\">\n\t\t\t\t\t\t\t\t<div class=\"elementor-element elementor-element-7ed02c3 elementor-widget elementor-widget-image\" data-id=\"7ed02c3\" data-element_type=\"widget\" data-widget_type=\"image.default\">\n\t\t\t\t<div class=\"elementor-widget-container\">\n\t\t\t\t\t\t\t\t\t\t\t\t\t\t\t<img loading=\"lazy\" decoding=\"async\" width=\"600\" height=\"438\" src=\"https:\/\/www.fistiktekstil.com\/wp-content\/uploads\/2022\/10\/2.jpg\" class=\"attachment-large size-large\" alt=\"\" srcset=\"https:\/\/www.fistiktekstil.com\/wp-content\/uploads\/2022\/10\/2.jpg 600w, https:\/\/www.fistiktekstil.com\/wp-content\/uploads\/2022\/10\/2-300x219.jpg 300w, https:\/\/www.fistiktekstil.com\/wp-content\/uploads\/2022\/10\/2-200x146.jpg 200w, https:\/\/www.fistiktekstil.com\/wp-content\/uploads\/2022\/10\/2-50x37.jpg 50w, https:\/\/www.fistiktekstil.com\/wp-content\/uploads\/2022\/10\/2-103x75.jpg 103w\" sizes=\"auto, (max-width: 600px) 100vw, 600px\" \/>\t\t\t\t\t\t\t\t\t\t\t\t\t\t\t<\/div>\n\t\t\t\t<\/div>\n\t\t\t\t<div class=\"elementor-element elementor-element-fb92628 elementor-widget elementor-widget-text-editor\" data-id=\"fb92628\" data-element_type=\"widget\" data-widget_type=\"text-editor.default\">\n\t\t\t\t<div class=\"elementor-widget-container\">\n\t\t\t\t\t\t\t<h4><a href=\"#ikiiplik\"><span style=\"caret-color: #f0f0f0;\"><i class=\"icon-right-open\"><\/i>Interlok<\/span><\/a><\/h4>\t\t\t\t\t\t<\/div>\n\t\t\t\t<\/div>\n\t\t\t\t\t<\/div>\n\t\t<\/div>\n\t\t\t\t<div class=\"elementor-column elementor-col-33 elementor-inner-column elementor-element elementor-element-95995e6\" data-id=\"95995e6\" data-element_type=\"column\">\n\t\t\t<div class=\"elementor-widget-wrap elementor-element-populated\">\n\t\t\t\t\t\t\t\t<div class=\"elementor-element elementor-element-613d52c elementor-widget elementor-widget-image\" data-id=\"613d52c\" data-element_type=\"widget\" data-widget_type=\"image.default\">\n\t\t\t\t<div class=\"elementor-widget-container\">\n\t\t\t\t\t\t\t\t\t\t\t\t\t\t\t<img loading=\"lazy\" decoding=\"async\" width=\"600\" height=\"438\" src=\"https:\/\/www.fistiktekstil.com\/wp-content\/uploads\/2022\/10\/3.jpg\" class=\"attachment-large size-large\" alt=\"\" srcset=\"https:\/\/www.fistiktekstil.com\/wp-content\/uploads\/2022\/10\/3.jpg 600w, https:\/\/www.fistiktekstil.com\/wp-content\/uploads\/2022\/10\/3-300x219.jpg 300w, https:\/\/www.fistiktekstil.com\/wp-content\/uploads\/2022\/10\/3-200x146.jpg 200w, https:\/\/www.fistiktekstil.com\/wp-content\/uploads\/2022\/10\/3-50x37.jpg 50w, https:\/\/www.fistiktekstil.com\/wp-content\/uploads\/2022\/10\/3-103x75.jpg 103w\" sizes=\"auto, (max-width: 600px) 100vw, 600px\" \/>\t\t\t\t\t\t\t\t\t\t\t\t\t\t\t<\/div>\n\t\t\t\t<\/div>\n\t\t\t\t<div class=\"elementor-element elementor-element-a2ec54a elementor-widget elementor-widget-text-editor\" data-id=\"a2ec54a\" data-element_type=\"widget\" data-widget_type=\"text-editor.default\">\n\t\t\t\t<div class=\"elementor-widget-container\">\n\t\t\t\t\t\t\t<h4><a href=\"#interlok\"><i class=\"icon-right-open\"><\/i>3 Iplik<\/a><\/h4>\t\t\t\t\t\t<\/div>\n\t\t\t\t<\/div>\n\t\t\t\t\t<\/div>\n\t\t<\/div>\n\t\t\t\t\t\t\t<\/div>\n\t\t<\/section>\n\t\t\t\t<section class=\"elementor-section elementor-inner-section elementor-element elementor-element-ff7eaf8 elementor-section-boxed elementor-section-height-default elementor-section-height-default\" data-id=\"ff7eaf8\" data-element_type=\"section\">\n\t\t\t\t\t\t<div class=\"elementor-container elementor-column-gap-default\">\n\t\t\t\t\t<div class=\"elementor-column elementor-col-33 elementor-inner-column elementor-element elementor-element-a943576\" data-id=\"a943576\" data-element_type=\"column\">\n\t\t\t<div class=\"elementor-widget-wrap elementor-element-populated\">\n\t\t\t\t\t\t\t\t<div class=\"elementor-element elementor-element-3bf4c3c elementor-widget elementor-widget-image\" data-id=\"3bf4c3c\" data-element_type=\"widget\" data-widget_type=\"image.default\">\n\t\t\t\t<div class=\"elementor-widget-container\">\n\t\t\t\t\t\t\t\t\t\t\t\t\t\t\t<img loading=\"lazy\" decoding=\"async\" width=\"600\" height=\"438\" src=\"https:\/\/www.fistiktekstil.com\/wp-content\/uploads\/2022\/10\/4.jpg\" class=\"attachment-large size-large\" alt=\"\" srcset=\"https:\/\/www.fistiktekstil.com\/wp-content\/uploads\/2022\/10\/4.jpg 600w, https:\/\/www.fistiktekstil.com\/wp-content\/uploads\/2022\/10\/4-300x219.jpg 300w, https:\/\/www.fistiktekstil.com\/wp-content\/uploads\/2022\/10\/4-200x146.jpg 200w, https:\/\/www.fistiktekstil.com\/wp-content\/uploads\/2022\/10\/4-50x37.jpg 50w, https:\/\/www.fistiktekstil.com\/wp-content\/uploads\/2022\/10\/4-103x75.jpg 103w\" sizes=\"auto, (max-width: 600px) 100vw, 600px\" \/>\t\t\t\t\t\t\t\t\t\t\t\t\t\t\t<\/div>\n\t\t\t\t<\/div>\n\t\t\t\t<div class=\"elementor-element elementor-element-053c2ce elementor-widget elementor-widget-text-editor\" data-id=\"053c2ce\" data-element_type=\"widget\" data-widget_type=\"text-editor.default\">\n\t\t\t\t<div class=\"elementor-widget-container\">\n\t\t\t\t\t\t\t<h4><a href=\"#ribana\"><span style=\"font-size: 17pt;\">3 Iplik \u015fardon<\/span><\/a><\/h4>\t\t\t\t\t\t<\/div>\n\t\t\t\t<\/div>\n\t\t\t\t\t<\/div>\n\t\t<\/div>\n\t\t\t\t<div class=\"elementor-column elementor-col-33 elementor-inner-column elementor-element elementor-element-17b504f\" data-id=\"17b504f\" data-element_type=\"column\">\n\t\t\t<div class=\"elementor-widget-wrap elementor-element-populated\">\n\t\t\t\t\t\t\t\t<div class=\"elementor-element elementor-element-62d2075 elementor-widget elementor-widget-image\" data-id=\"62d2075\" data-element_type=\"widget\" data-widget_type=\"image.default\">\n\t\t\t\t<div class=\"elementor-widget-container\">\n\t\t\t\t\t\t\t\t\t\t\t\t\t\t\t<img loading=\"lazy\" decoding=\"async\" width=\"600\" height=\"438\" src=\"https:\/\/www.fistiktekstil.com\/wp-content\/uploads\/2022\/10\/5.jpg\" class=\"attachment-large size-large\" alt=\"\" srcset=\"https:\/\/www.fistiktekstil.com\/wp-content\/uploads\/2022\/10\/5.jpg 600w, https:\/\/www.fistiktekstil.com\/wp-content\/uploads\/2022\/10\/5-300x219.jpg 300w, https:\/\/www.fistiktekstil.com\/wp-content\/uploads\/2022\/10\/5-200x146.jpg 200w, https:\/\/www.fistiktekstil.com\/wp-content\/uploads\/2022\/10\/5-50x37.jpg 50w, https:\/\/www.fistiktekstil.com\/wp-content\/uploads\/2022\/10\/5-103x75.jpg 103w\" sizes=\"auto, (max-width: 600px) 100vw, 600px\" \/>\t\t\t\t\t\t\t\t\t\t\t\t\t\t\t<\/div>\n\t\t\t\t<\/div>\n\t\t\t\t<div class=\"elementor-element elementor-element-c9c4cf5 elementor-widget elementor-widget-text-editor\" data-id=\"c9c4cf5\" data-element_type=\"widget\" data-widget_type=\"text-editor.default\">\n\t\t\t\t<div class=\"elementor-widget-container\">\n\t\t\t\t\t\t\t<h4><a href=\"#pike\">Pike<\/a><\/h4>\t\t\t\t\t\t<\/div>\n\t\t\t\t<\/div>\n\t\t\t\t\t<\/div>\n\t\t<\/div>\n\t\t\t\t<div class=\"elementor-column elementor-col-33 elementor-inner-column elementor-element elementor-element-2c9ae4f\" data-id=\"2c9ae4f\" data-element_type=\"column\">\n\t\t\t<div class=\"elementor-widget-wrap elementor-element-populated\">\n\t\t\t\t\t\t\t\t<div class=\"elementor-element elementor-element-1dcdb1a elementor-widget elementor-widget-image\" data-id=\"1dcdb1a\" data-element_type=\"widget\" data-widget_type=\"image.default\">\n\t\t\t\t<div class=\"elementor-widget-container\">\n\t\t\t\t\t\t\t\t\t\t\t\t\t\t\t<img loading=\"lazy\" decoding=\"async\" width=\"600\" height=\"438\" src=\"https:\/\/www.fistiktekstil.com\/wp-content\/uploads\/2022\/10\/6.jpg\" class=\"attachment-large size-large\" alt=\"\" srcset=\"https:\/\/www.fistiktekstil.com\/wp-content\/uploads\/2022\/10\/6.jpg 600w, https:\/\/www.fistiktekstil.com\/wp-content\/uploads\/2022\/10\/6-300x219.jpg 300w, https:\/\/www.fistiktekstil.com\/wp-content\/uploads\/2022\/10\/6-200x146.jpg 200w, https:\/\/www.fistiktekstil.com\/wp-content\/uploads\/2022\/10\/6-50x37.jpg 50w, https:\/\/www.fistiktekstil.com\/wp-content\/uploads\/2022\/10\/6-103x75.jpg 103w\" sizes=\"auto, (max-width: 600px) 100vw, 600px\" \/>\t\t\t\t\t\t\t\t\t\t\t\t\t\t\t<\/div>\n\t\t\t\t<\/div>\n\t\t\t\t<div class=\"elementor-element elementor-element-76caaae elementor-widget elementor-widget-text-editor\" data-id=\"76caaae\" data-element_type=\"widget\" data-widget_type=\"text-editor.default\">\n\t\t\t\t<div class=\"elementor-widget-container\">\n\t\t\t\t\t\t\t<h4><a href=\"#uciplik\"><span style=\"caret-color: #f0f0f0;\">Ka\u015fkorsa 2*1<\/span><\/a><\/h4>\t\t\t\t\t\t<\/div>\n\t\t\t\t<\/div>\n\t\t\t\t\t<\/div>\n\t\t<\/div>\n\t\t\t\t\t\t\t<\/div>\n\t\t<\/section>\n\t\t\t\t<section class=\"elementor-section elementor-inner-section elementor-element elementor-element-7e9973d elementor-section-boxed elementor-section-height-default elementor-section-height-default\" data-id=\"7e9973d\" data-element_type=\"section\">\n\t\t\t\t\t\t<div class=\"elementor-container elementor-column-gap-default\">\n\t\t\t\t\t<div class=\"elementor-column elementor-col-33 elementor-inner-column elementor-element elementor-element-6bc2ab4\" data-id=\"6bc2ab4\" data-element_type=\"column\">\n\t\t\t<div class=\"elementor-widget-wrap elementor-element-populated\">\n\t\t\t\t\t\t\t\t<div class=\"elementor-element elementor-element-b76241f elementor-widget elementor-widget-image\" data-id=\"b76241f\" data-element_type=\"widget\" data-widget_type=\"image.default\">\n\t\t\t\t<div class=\"elementor-widget-container\">\n\t\t\t\t\t\t\t\t\t\t\t\t\t\t\t<img loading=\"lazy\" decoding=\"async\" width=\"600\" height=\"438\" src=\"https:\/\/www.fistiktekstil.com\/wp-content\/uploads\/2022\/10\/7.jpg\" class=\"attachment-large size-large\" alt=\"\" srcset=\"https:\/\/www.fistiktekstil.com\/wp-content\/uploads\/2022\/10\/7.jpg 600w, https:\/\/www.fistiktekstil.com\/wp-content\/uploads\/2022\/10\/7-300x219.jpg 300w, https:\/\/www.fistiktekstil.com\/wp-content\/uploads\/2022\/10\/7-200x146.jpg 200w, https:\/\/www.fistiktekstil.com\/wp-content\/uploads\/2022\/10\/7-50x37.jpg 50w, https:\/\/www.fistiktekstil.com\/wp-content\/uploads\/2022\/10\/7-103x75.jpg 103w\" sizes=\"auto, (max-width: 600px) 100vw, 600px\" \/>\t\t\t\t\t\t\t\t\t\t\t\t\t\t\t<\/div>\n\t\t\t\t<\/div>\n\t\t\t\t<div class=\"elementor-element elementor-element-f770a54 elementor-widget elementor-widget-text-editor\" data-id=\"f770a54\" data-element_type=\"widget\" data-widget_type=\"text-editor.default\">\n\t\t\t\t<div class=\"elementor-widget-container\">\n\t\t\t\t\t\t\t<h4><a href=\"#selanik\">Iki Iplik<\/a><\/h4>\t\t\t\t\t\t<\/div>\n\t\t\t\t<\/div>\n\t\t\t\t\t<\/div>\n\t\t<\/div>\n\t\t\t\t<div class=\"elementor-column elementor-col-33 elementor-inner-column elementor-element elementor-element-3d6000e\" data-id=\"3d6000e\" data-element_type=\"column\">\n\t\t\t<div class=\"elementor-widget-wrap elementor-element-populated\">\n\t\t\t\t\t\t\t\t<div class=\"elementor-element elementor-element-a172921 elementor-widget elementor-widget-image\" data-id=\"a172921\" data-element_type=\"widget\" data-widget_type=\"image.default\">\n\t\t\t\t<div class=\"elementor-widget-container\">\n\t\t\t\t\t\t\t\t\t\t\t\t\t\t\t<img loading=\"lazy\" decoding=\"async\" width=\"600\" height=\"438\" src=\"https:\/\/www.fistiktekstil.com\/wp-content\/uploads\/2022\/10\/8.jpg\" class=\"attachment-large size-large\" alt=\"\" srcset=\"https:\/\/www.fistiktekstil.com\/wp-content\/uploads\/2022\/10\/8.jpg 600w, https:\/\/www.fistiktekstil.com\/wp-content\/uploads\/2022\/10\/8-300x219.jpg 300w, https:\/\/www.fistiktekstil.com\/wp-content\/uploads\/2022\/10\/8-200x146.jpg 200w, https:\/\/www.fistiktekstil.com\/wp-content\/uploads\/2022\/10\/8-50x37.jpg 50w, https:\/\/www.fistiktekstil.com\/wp-content\/uploads\/2022\/10\/8-103x75.jpg 103w\" sizes=\"auto, (max-width: 600px) 100vw, 600px\" \/>\t\t\t\t\t\t\t\t\t\t\t\t\t\t\t<\/div>\n\t\t\t\t<\/div>\n\t\t\t\t<div class=\"elementor-element elementor-element-99d1ce4 elementor-widget elementor-widget-text-editor\" data-id=\"99d1ce4\" data-element_type=\"widget\" data-widget_type=\"text-editor.default\">\n\t\t\t\t<div class=\"elementor-widget-container\">\n\t\t\t\t\t\t\t<h4><a href=\"#kaskorse\">3 Iplik Diagonal<\/a><\/h4>\t\t\t\t\t\t<\/div>\n\t\t\t\t<\/div>\n\t\t\t\t\t<\/div>\n\t\t<\/div>\n\t\t\t\t<div class=\"elementor-column elementor-col-33 elementor-inner-column elementor-element elementor-element-bd00cda\" data-id=\"bd00cda\" data-element_type=\"column\">\n\t\t\t<div class=\"elementor-widget-wrap elementor-element-populated\">\n\t\t\t\t\t\t\t\t<div class=\"elementor-element elementor-element-60ef5aa elementor-widget__width-initial elementor-absolute elementor-widget elementor-widget-counter\" data-id=\"60ef5aa\" data-element_type=\"widget\" data-settings=\"{&quot;_position&quot;:&quot;absolute&quot;}\" data-widget_type=\"counter.default\">\n\t\t\t\t<div class=\"elementor-widget-container\">\n\t\t\t<style>\/*! elementor - v3.7.8 - 02-10-2022 *\/\n.elementor-counter .elementor-counter-number-wrapper{display:-webkit-box;display:-ms-flexbox;display:flex;font-size:69px;font-weight:600;line-height:1}.elementor-counter .elementor-counter-number-prefix,.elementor-counter .elementor-counter-number-suffix{-webkit-box-flex:1;-ms-flex-positive:1;flex-grow:1;white-space:pre-wrap}.elementor-counter .elementor-counter-number-prefix{text-align:right}.elementor-counter .elementor-counter-number-suffix{text-align:left}.elementor-counter .elementor-counter-title{text-align:center;font-size:19px;font-weight:400;line-height:2.5}<\/style>\t\t<div class=\"elementor-counter\">\n\t\t\t<div class=\"elementor-counter-number-wrapper\">\n\t\t\t\t<span class=\"elementor-counter-number-prefix\"><\/span>\n\t\t\t\t<span class=\"elementor-counter-number\" data-duration=\"2000\" data-to-value=\"500\" data-from-value=\"0\" data-delimiter=\",\">0<\/span>\n\t\t\t\t<span class=\"elementor-counter-number-suffix\">T<\/span>\n\t\t\t<\/div>\n\t\t\t\t\t\t\t<div class=\"elementor-counter-title\">\u00dcRET\u0130M KAPAS\u0130TES\u0130<\/div>\n\t\t\t\t\t<\/div>\n\t\t\t\t<\/div>\n\t\t\t\t<\/div>\n\t\t\t\t\t<\/div>\n\t\t<\/div>\n\t\t\t\t\t\t\t<\/div>\n\t\t<\/section>\n\t\t\t\t<div class=\"elementor-element elementor-element-ae740aa elementor-widget elementor-widget-spacer\" data-id=\"ae740aa\" data-element_type=\"widget\" data-widget_type=\"spacer.default\">\n\t\t\t\t<div class=\"elementor-widget-container\">\n\t\t\t\t\t<div class=\"elementor-spacer\">\n\t\t\t<div class=\"elementor-spacer-inner\"><\/div>\n\t\t<\/div>\n\t\t\t\t<\/div>\n\t\t\t\t<\/div>\n\t\t\t\t\t<\/div>\n\t\t<\/div>\n\t\t\t\t\t\t\t<\/div>\n\t\t<\/section>\n\t\t\t\t\t\t\t<\/div>\n\t\t","protected":false},"excerpt":{"rendered":"<p>\u00dcR\u00dcNLER Markalara G\u00fc\u00e7 Katan\u00a0\u00dcr\u00fcnler Rib 1*1 Interlok 3 Iplik 3 Iplik \u015fardon Pike Ka\u015fkorsa 2*1 Iki Iplik 3 Iplik Diagonal 0 T \u00dcRET\u0130M KAPAS\u0130TES\u0130<\/p>\n","protected":false},"author":1,"featured_media":0,"parent":0,"menu_order":0,"comment_status":"closed","ping_status":"closed","template":"","meta":{"footnotes":""},"class_list":["post-846","page","type-page","status-publish","hentry"],"_links":{"self":[{"href":"https:\/\/www.fistiktekstil.com\/tr\/wp-json\/wp\/v2\/pages\/846","targetHints":{"allow":["GET"]}}],"collection":[{"href":"https:\/\/www.fistiktekstil.com\/tr\/wp-json\/wp\/v2\/pages"}],"about":[{"href":"https:\/\/www.fistiktekstil.com\/tr\/wp-json\/wp\/v2\/types\/page"}],"author":[{"embeddable":true,"href":"https:\/\/www.fistiktekstil.com\/tr\/wp-json\/wp\/v2\/users\/1"}],"replies":[{"embeddable":true,"href":"https:\/\/www.fistiktekstil.com\/tr\/wp-json\/wp\/v2\/comments?post=846"}],"version-history":[{"count":15,"href":"https:\/\/www.fistiktekstil.com\/tr\/wp-json\/wp\/v2\/pages\/846\/revisions"}],"predecessor-version":[{"id":3436,"href":"https:\/\/www.fistiktekstil.com\/tr\/wp-json\/wp\/v2\/pages\/846\/revisions\/3436"}],"wp:attachment":[{"href":"https:\/\/www.fistiktekstil.com\/tr\/wp-json\/wp\/v2\/media?parent=846"}],"curies":[{"name":"wp","href":"https:\/\/api.w.org\/{rel}","templated":true}]}}